{"id":4810,"date":"2025-09-08T16:48:39","date_gmt":"2025-09-08T14:48:39","guid":{"rendered":"https:\/\/les-chenes-blancs.pausado.com\/?page_id=4810"},"modified":"2026-03-04T09:24:23","modified_gmt":"2026-03-04T08:24:23","slug":"aanbiedingen-op-camping-les-chenes-blancs","status":"publish","type":"page","link":"http:\/\/les-chenes-blancs.pausado.com\/nl\/aanbiedingen-op-camping-les-chenes-blancs","title":{"rendered":"Aanbiedingen op camping Les Ch\u00eanes Blancs"},"content":{"rendered":"\n<h2 class=\"wp-block-heading h5\">Zin in een vakantie in de Luberon voor de beste prijs?<br \/>Ontdek alle aanbiedingen van onze camping Les Ch\u00eanes Blancs.<\/h2>\n\n<p>Profiteer van <strong>exclusieve kortingen <\/strong>op uw verblijf in een stacaravan of op een kampeerplaats op <strong>camping Les Ch\u00eanes Blancs in Saint-Saturnin-l\u00e8s-Apt<\/strong>, in het hart van de Luberon. Trakteer uzelf op een gezellige familievakantie tussen lavendelvelden, hooggelegen dorpjes en ongerepte natuur. Boek nu uw <strong>voordelige verblijf in de Provence<\/strong> en vertrek met een gerust hart: veilige betaling en 100% ontspanning!  <\/p>\n\n<p><\/p>\n","protected":false},"excerpt":{"rendered":"<p>Zin in een vakantie in de Luberon voor de beste prijs?Ontdek alle aanbiedingen van onze camping Les Ch\u00eanes Blancs. Profiteer van exclusieve kortingen op uw verblijf in een stacaravan of op een kampeerplaats op camping Les Ch\u00eanes Blancs in Saint-Saturnin-l\u00e8s-Apt, in het hart van de Luberon. Trakteer uzelf op een gezellige familievakantie tussen lavendelvelden, hooggelegen [&hellip;]<\/p>\n","protected":false},"author":4,"featured_media":4816,"parent":0,"menu_order":0,"comment_status":"closed","ping_status":"closed","template":"page-landing-promotion.php","meta":{"_acf_changed":false,"footnotes":""},"class_list":["post-4810","page","type-page","status-publish","has-post-thumbnail","hentry"],"acf":[],"yoast_head":"<!-- This site is optimized with the Yoast SEO plugin v27.3 - https:\/\/yoast.com\/product\/yoast-seo-wordpress\/ -->\n<title>Vroegboekkorting Camping Les Ch\u00eanes Blancs Luberon 2026<\/title>\n<meta name=\"description\" content=\"Ontdek de Early Booking 2026-aanbieding van Camping Les Ch\u00eanes Blancs in Saint-Saturnin-l\u00e8s-Apt, in het hart van de Luberon. Tot 20% korting op uw vakantie in de Provence!\" \/>\n<meta name=\"robots\" content=\"index, follow, max-snippet:-1, max-image-preview:large, max-video-preview:-1\" \/>\n<link rel=\"canonical\" href=\"http:\/\/les-chenes-blancs.pausado.com\/nl\/aanbiedingen-op-camping-les-chenes-blancs\" \/>\n<meta property=\"og:locale\" content=\"nl_NL\" \/>\n<meta property=\"og:type\" content=\"article\" \/>\n<meta property=\"og:title\" content=\"Vroegboekkorting Camping Les Ch\u00eanes Blancs Luberon 2026\" \/>\n<meta property=\"og:description\" content=\"Ontdek de Early Booking 2026-aanbieding van Camping Les Ch\u00eanes Blancs in Saint-Saturnin-l\u00e8s-Apt, in het hart van de Luberon. Tot 20% korting op uw vakantie in de Provence!\" \/>\n<meta property=\"og:url\" content=\"http:\/\/les-chenes-blancs.pausado.com\/nl\/aanbiedingen-op-camping-les-chenes-blancs\" \/>\n<meta property=\"og:site_name\" content=\"Les Ch\u00eanes Blancs\" \/>\n<meta property=\"article:publisher\" content=\"https:\/\/www.facebook.com\/chenesblancs\/\" \/>\n<meta property=\"article:modified_time\" content=\"2026-03-04T08:24:23+00:00\" \/>\n<meta property=\"og:image\" content=\"https:\/\/les-chenes-blancs.pausado.com\/wp-content\/uploads\/sites\/4\/2024\/01\/chenes-blancs-camping-logo-23.png\" \/>\n\t<meta property=\"og:image:width\" content=\"1004\" \/>\n\t<meta property=\"og:image:height\" content=\"392\" \/>\n\t<meta property=\"og:image:type\" content=\"image\/png\" \/>\n<meta name=\"twitter:card\" content=\"summary_large_image\" \/>\n<script type=\"application\/ld+json\" class=\"yoast-schema-graph\">{\"@context\":\"https:\\\/\\\/schema.org\",\"@graph\":[{\"@type\":\"WebPage\",\"@id\":\"http:\\\/\\\/les-chenes-blancs.pausado.com\\\/nl\\\/aanbiedingen-op-camping-les-chenes-blancs\",\"url\":\"http:\\\/\\\/les-chenes-blancs.pausado.com\\\/nl\\\/aanbiedingen-op-camping-les-chenes-blancs\",\"name\":\"Vroegboekkorting Camping Les Ch\u00eanes Blancs Luberon 2026\",\"isPartOf\":{\"@id\":\"https:\\\/\\\/les-chenes-blancs.pausado.com\\\/nl\\\/#website\"},\"primaryImageOfPage\":{\"@id\":\"http:\\\/\\\/les-chenes-blancs.pausado.com\\\/nl\\\/aanbiedingen-op-camping-les-chenes-blancs#primaryimage\"},\"image\":{\"@id\":\"http:\\\/\\\/les-chenes-blancs.pausado.com\\\/nl\\\/aanbiedingen-op-camping-les-chenes-blancs#primaryimage\"},\"thumbnailUrl\":\"https:\\\/\\\/les-chenes-blancs.pausado.com\\\/wp-content\\\/uploads\\\/sites\\\/4\\\/2025\\\/11\\\/CB-MEA-camping_converted-1.avif\",\"datePublished\":\"2025-09-08T14:48:39+00:00\",\"dateModified\":\"2026-03-04T08:24:23+00:00\",\"description\":\"Ontdek de Early Booking 2026-aanbieding van Camping Les Ch\u00eanes Blancs in Saint-Saturnin-l\u00e8s-Apt, in het hart van de Luberon. Tot 20% korting op uw vakantie in de Provence!\",\"breadcrumb\":{\"@id\":\"http:\\\/\\\/les-chenes-blancs.pausado.com\\\/nl\\\/aanbiedingen-op-camping-les-chenes-blancs#breadcrumb\"},\"inLanguage\":\"nl-NL\",\"potentialAction\":[{\"@type\":\"ReadAction\",\"target\":[\"http:\\\/\\\/les-chenes-blancs.pausado.com\\\/nl\\\/aanbiedingen-op-camping-les-chenes-blancs\"]}]},{\"@type\":\"ImageObject\",\"inLanguage\":\"nl-NL\",\"@id\":\"http:\\\/\\\/les-chenes-blancs.pausado.com\\\/nl\\\/aanbiedingen-op-camping-les-chenes-blancs#primaryimage\",\"url\":\"https:\\\/\\\/les-chenes-blancs.pausado.com\\\/wp-content\\\/uploads\\\/sites\\\/4\\\/2025\\\/11\\\/CB-MEA-camping_converted-1.avif\",\"contentUrl\":\"https:\\\/\\\/les-chenes-blancs.pausado.com\\\/wp-content\\\/uploads\\\/sites\\\/4\\\/2025\\\/11\\\/CB-MEA-camping_converted-1.avif\",\"width\":1200,\"height\":296,\"caption\":\"BAN EB CB\"},{\"@type\":\"BreadcrumbList\",\"@id\":\"http:\\\/\\\/les-chenes-blancs.pausado.com\\\/nl\\\/aanbiedingen-op-camping-les-chenes-blancs#breadcrumb\",\"itemListElement\":[{\"@type\":\"ListItem\",\"position\":1,\"name\":\"Accueil\",\"item\":\"https:\\\/\\\/les-chenes-blancs.pausado.com\\\/nl\"},{\"@type\":\"ListItem\",\"position\":2,\"name\":\"Aanbiedingen op camping Les Ch\u00eanes Blancs\"}]},{\"@type\":\"WebSite\",\"@id\":\"https:\\\/\\\/les-chenes-blancs.pausado.com\\\/nl\\\/#website\",\"url\":\"https:\\\/\\\/les-chenes-blancs.pausado.com\\\/nl\\\/\",\"name\":\"Les Ch\u00eanes Blancs\",\"description\":\"\",\"publisher\":{\"@id\":\"https:\\\/\\\/les-chenes-blancs.pausado.com\\\/nl\\\/#organization\"},\"potentialAction\":[{\"@type\":\"SearchAction\",\"target\":{\"@type\":\"EntryPoint\",\"urlTemplate\":\"https:\\\/\\\/les-chenes-blancs.pausado.com\\\/nl\\\/?s={search_term_string}\"},\"query-input\":{\"@type\":\"PropertyValueSpecification\",\"valueRequired\":true,\"valueName\":\"search_term_string\"}}],\"inLanguage\":\"nl-NL\"},{\"@type\":\"Organization\",\"@id\":\"https:\\\/\\\/les-chenes-blancs.pausado.com\\\/nl\\\/#organization\",\"name\":\"Les Ch\u00eanes Blancs\",\"url\":\"https:\\\/\\\/les-chenes-blancs.pausado.com\\\/nl\\\/\",\"logo\":{\"@type\":\"ImageObject\",\"inLanguage\":\"nl-NL\",\"@id\":\"https:\\\/\\\/les-chenes-blancs.pausado.com\\\/nl\\\/#\\\/schema\\\/logo\\\/image\\\/\",\"url\":\"\",\"contentUrl\":\"\",\"caption\":\"Les Ch\u00eanes Blancs\"},\"image\":{\"@id\":\"https:\\\/\\\/les-chenes-blancs.pausado.com\\\/nl\\\/#\\\/schema\\\/logo\\\/image\\\/\"},\"sameAs\":[\"https:\\\/\\\/www.facebook.com\\\/chenesblancs\\\/\",\"https:\\\/\\\/www.instagram.com\\\/camping.chenesblancs\\\/\"]}]}<\/script>\n<!-- \/ Yoast SEO plugin. -->","yoast_head_json":{"title":"Vroegboekkorting Camping Les Ch\u00eanes Blancs Luberon 2026","description":"Ontdek de Early Booking 2026-aanbieding van Camping Les Ch\u00eanes Blancs in Saint-Saturnin-l\u00e8s-Apt, in het hart van de Luberon. Tot 20% korting op uw vakantie in de Provence!","robots":{"index":"index","follow":"follow","max-snippet":"max-snippet:-1","max-image-preview":"max-image-preview:large","max-video-preview":"max-video-preview:-1"},"canonical":"http:\/\/les-chenes-blancs.pausado.com\/nl\/aanbiedingen-op-camping-les-chenes-blancs","og_locale":"nl_NL","og_type":"article","og_title":"Vroegboekkorting Camping Les Ch\u00eanes Blancs Luberon 2026","og_description":"Ontdek de Early Booking 2026-aanbieding van Camping Les Ch\u00eanes Blancs in Saint-Saturnin-l\u00e8s-Apt, in het hart van de Luberon. Tot 20% korting op uw vakantie in de Provence!","og_url":"http:\/\/les-chenes-blancs.pausado.com\/nl\/aanbiedingen-op-camping-les-chenes-blancs","og_site_name":"Les Ch\u00eanes Blancs","article_publisher":"https:\/\/www.facebook.com\/chenesblancs\/","article_modified_time":"2026-03-04T08:24:23+00:00","og_image":[{"width":1004,"height":392,"url":"https:\/\/les-chenes-blancs.pausado.com\/wp-content\/uploads\/sites\/4\/2024\/01\/chenes-blancs-camping-logo-23.png","type":"image\/png"}],"twitter_card":"summary_large_image","schema":{"@context":"https:\/\/schema.org","@graph":[{"@type":"WebPage","@id":"http:\/\/les-chenes-blancs.pausado.com\/nl\/aanbiedingen-op-camping-les-chenes-blancs","url":"http:\/\/les-chenes-blancs.pausado.com\/nl\/aanbiedingen-op-camping-les-chenes-blancs","name":"Vroegboekkorting Camping Les Ch\u00eanes Blancs Luberon 2026","isPartOf":{"@id":"https:\/\/les-chenes-blancs.pausado.com\/nl\/#website"},"primaryImageOfPage":{"@id":"http:\/\/les-chenes-blancs.pausado.com\/nl\/aanbiedingen-op-camping-les-chenes-blancs#primaryimage"},"image":{"@id":"http:\/\/les-chenes-blancs.pausado.com\/nl\/aanbiedingen-op-camping-les-chenes-blancs#primaryimage"},"thumbnailUrl":"https:\/\/les-chenes-blancs.pausado.com\/wp-content\/uploads\/sites\/4\/2025\/11\/CB-MEA-camping_converted-1.avif","datePublished":"2025-09-08T14:48:39+00:00","dateModified":"2026-03-04T08:24:23+00:00","description":"Ontdek de Early Booking 2026-aanbieding van Camping Les Ch\u00eanes Blancs in Saint-Saturnin-l\u00e8s-Apt, in het hart van de Luberon. Tot 20% korting op uw vakantie in de Provence!","breadcrumb":{"@id":"http:\/\/les-chenes-blancs.pausado.com\/nl\/aanbiedingen-op-camping-les-chenes-blancs#breadcrumb"},"inLanguage":"nl-NL","potentialAction":[{"@type":"ReadAction","target":["http:\/\/les-chenes-blancs.pausado.com\/nl\/aanbiedingen-op-camping-les-chenes-blancs"]}]},{"@type":"ImageObject","inLanguage":"nl-NL","@id":"http:\/\/les-chenes-blancs.pausado.com\/nl\/aanbiedingen-op-camping-les-chenes-blancs#primaryimage","url":"https:\/\/les-chenes-blancs.pausado.com\/wp-content\/uploads\/sites\/4\/2025\/11\/CB-MEA-camping_converted-1.avif","contentUrl":"https:\/\/les-chenes-blancs.pausado.com\/wp-content\/uploads\/sites\/4\/2025\/11\/CB-MEA-camping_converted-1.avif","width":1200,"height":296,"caption":"BAN EB CB"},{"@type":"BreadcrumbList","@id":"http:\/\/les-chenes-blancs.pausado.com\/nl\/aanbiedingen-op-camping-les-chenes-blancs#breadcrumb","itemListElement":[{"@type":"ListItem","position":1,"name":"Accueil","item":"https:\/\/les-chenes-blancs.pausado.com\/nl"},{"@type":"ListItem","position":2,"name":"Aanbiedingen op camping Les Ch\u00eanes Blancs"}]},{"@type":"WebSite","@id":"https:\/\/les-chenes-blancs.pausado.com\/nl\/#website","url":"https:\/\/les-chenes-blancs.pausado.com\/nl\/","name":"Les Ch\u00eanes Blancs","description":"","publisher":{"@id":"https:\/\/les-chenes-blancs.pausado.com\/nl\/#organization"},"potentialAction":[{"@type":"SearchAction","target":{"@type":"EntryPoint","urlTemplate":"https:\/\/les-chenes-blancs.pausado.com\/nl\/?s={search_term_string}"},"query-input":{"@type":"PropertyValueSpecification","valueRequired":true,"valueName":"search_term_string"}}],"inLanguage":"nl-NL"},{"@type":"Organization","@id":"https:\/\/les-chenes-blancs.pausado.com\/nl\/#organization","name":"Les Ch\u00eanes Blancs","url":"https:\/\/les-chenes-blancs.pausado.com\/nl\/","logo":{"@type":"ImageObject","inLanguage":"nl-NL","@id":"https:\/\/les-chenes-blancs.pausado.com\/nl\/#\/schema\/logo\/image\/","url":"","contentUrl":"","caption":"Les Ch\u00eanes Blancs"},"image":{"@id":"https:\/\/les-chenes-blancs.pausado.com\/nl\/#\/schema\/logo\/image\/"},"sameAs":["https:\/\/www.facebook.com\/chenesblancs\/","https:\/\/www.instagram.com\/camping.chenesblancs\/"]}]}},"_links":{"self":[{"href":"https:\/\/les-chenes-blancs.pausado.com\/nl\/wp-json\/wp\/v2\/pages\/4810","targetHints":{"allow":["GET"]}}],"collection":[{"href":"https:\/\/les-chenes-blancs.pausado.com\/nl\/wp-json\/wp\/v2\/pages"}],"about":[{"href":"https:\/\/les-chenes-blancs.pausado.com\/nl\/wp-json\/wp\/v2\/types\/page"}],"author":[{"embeddable":true,"href":"https:\/\/les-chenes-blancs.pausado.com\/nl\/wp-json\/wp\/v2\/users\/4"}],"replies":[{"embeddable":true,"href":"https:\/\/les-chenes-blancs.pausado.com\/nl\/wp-json\/wp\/v2\/comments?post=4810"}],"version-history":[{"count":5,"href":"https:\/\/les-chenes-blancs.pausado.com\/nl\/wp-json\/wp\/v2\/pages\/4810\/revisions"}],"predecessor-version":[{"id":6024,"href":"https:\/\/les-chenes-blancs.pausado.com\/nl\/wp-json\/wp\/v2\/pages\/4810\/revisions\/6024"}],"wp:featuredmedia":[{"embeddable":true,"href":"https:\/\/les-chenes-blancs.pausado.com\/nl\/wp-json\/wp\/v2\/media\/4816"}],"wp:attachment":[{"href":"https:\/\/les-chenes-blancs.pausado.com\/nl\/wp-json\/wp\/v2\/media?parent=4810"}],"curies":[{"name":"wp","href":"https:\/\/api.w.org\/{rel}","templated":true}]}}