{"id":4799,"date":"2025-09-08T16:48:39","date_gmt":"2025-09-08T14:48:39","guid":{"rendered":"https:\/\/les-chenes-blancs.pausado.com\/?page_id=4799"},"modified":"2026-03-04T09:22:09","modified_gmt":"2026-03-04T08:22:09","slug":"special-offers-at-les-chenes-blancs-campsite","status":"publish","type":"page","link":"http:\/\/les-chenes-blancs.pausado.com\/en\/special-offers-at-les-chenes-blancs-campsite","title":{"rendered":"Special offers at Les Ch\u00eanes Blancs campsite"},"content":{"rendered":"\n<h2 class=\"wp-block-heading h5\">Want a vacation in the Luberon at the best price?<br>Discover all the promotional offers at our Les Ch\u00eanes Blancs campsite.<\/h2>\n\n\n\n<p>Enjoy <strong>exclusive discounts<\/strong> on mobile homes and pitches at <strong>Camping Les Ch\u00eanes Blancs<\/strong>, in Saint-Saturnin-l\u00e8s-Apt, in the heart of the Luberon. Treat yourself to a <strong>relaxing family holiday in Provence<\/strong>, surrounded by lavender fields and beautiful hilltop villages. Book your <strong>affordable stay in the South of France<\/strong> now \u2014 safe payment and peace of mind guaranteed!<\/p>\n\n\n\n<p><\/p>\n","protected":false},"excerpt":{"rendered":"<p>Want a vacation in the Luberon at the best price?Discover all the promotional offers at our Les Ch\u00eanes Blancs campsite. Enjoy exclusive discounts on mobile homes and pitches at Camping Les Ch\u00eanes Blancs, in Saint-Saturnin-l\u00e8s-Apt, in the heart of the Luberon. Treat yourself to a relaxing family holiday in Provence, surrounded by lavender fields and [&hellip;]<\/p>\n","protected":false},"author":4,"featured_media":4817,"parent":0,"menu_order":0,"comment_status":"closed","ping_status":"closed","template":"page-landing-promotion.php","meta":{"_acf_changed":false,"footnotes":""},"class_list":["post-4799","page","type-page","status-publish","has-post-thumbnail","hentry"],"acf":[],"yoast_head":"<!-- This site is optimized with the Yoast SEO plugin v27.3 - https:\/\/yoast.com\/product\/yoast-seo-wordpress\/ -->\n<title>Early bird offer Camping Les Ch\u00eanes Blancs Luberon 2026<\/title>\n<meta name=\"description\" content=\"Discover the Early Booking 2026 offer at Camping Les Ch\u00eanes Blancs in Saint-Saturnin-l\u00e8s-Apt, in the heart of the Luberon. Up to 20% off your vacation in Provence!\" \/>\n<meta name=\"robots\" content=\"index, follow, max-snippet:-1, max-image-preview:large, max-video-preview:-1\" \/>\n<link rel=\"canonical\" href=\"http:\/\/les-chenes-blancs.pausado.com\/en\/special-offers-at-les-chenes-blancs-campsite\" \/>\n<meta property=\"og:locale\" content=\"en_US\" \/>\n<meta property=\"og:type\" content=\"article\" \/>\n<meta property=\"og:title\" content=\"Early bird offer Camping Les Ch\u00eanes Blancs Luberon 2026\" \/>\n<meta property=\"og:description\" content=\"Discover the Early Booking 2026 offer at Camping Les Ch\u00eanes Blancs in Saint-Saturnin-l\u00e8s-Apt, in the heart of the Luberon. Up to 20% off your vacation in Provence!\" \/>\n<meta property=\"og:url\" content=\"http:\/\/les-chenes-blancs.pausado.com\/en\/special-offers-at-les-chenes-blancs-campsite\" \/>\n<meta property=\"og:site_name\" content=\"Les Ch\u00eanes Blancs\" \/>\n<meta property=\"article:publisher\" content=\"https:\/\/www.facebook.com\/chenesblancs\/\" \/>\n<meta property=\"article:modified_time\" content=\"2026-03-04T08:22:09+00:00\" \/>\n<meta property=\"og:image\" content=\"https:\/\/les-chenes-blancs.pausado.com\/wp-content\/uploads\/sites\/4\/2024\/01\/chenes-blancs-camping-logo-23.png\" \/>\n\t<meta property=\"og:image:width\" content=\"1004\" \/>\n\t<meta property=\"og:image:height\" content=\"392\" \/>\n\t<meta property=\"og:image:type\" content=\"image\/png\" \/>\n<meta name=\"twitter:card\" content=\"summary_large_image\" \/>\n<script type=\"application\/ld+json\" class=\"yoast-schema-graph\">{\"@context\":\"https:\\\/\\\/schema.org\",\"@graph\":[{\"@type\":\"WebPage\",\"@id\":\"http:\\\/\\\/les-chenes-blancs.pausado.com\\\/en\\\/special-offers-at-les-chenes-blancs-campsite\",\"url\":\"http:\\\/\\\/les-chenes-blancs.pausado.com\\\/en\\\/special-offers-at-les-chenes-blancs-campsite\",\"name\":\"Early bird offer Camping Les Ch\u00eanes Blancs Luberon 2026\",\"isPartOf\":{\"@id\":\"https:\\\/\\\/les-chenes-blancs.pausado.com\\\/en\\\/#website\"},\"primaryImageOfPage\":{\"@id\":\"http:\\\/\\\/les-chenes-blancs.pausado.com\\\/en\\\/special-offers-at-les-chenes-blancs-campsite#primaryimage\"},\"image\":{\"@id\":\"http:\\\/\\\/les-chenes-blancs.pausado.com\\\/en\\\/special-offers-at-les-chenes-blancs-campsite#primaryimage\"},\"thumbnailUrl\":\"https:\\\/\\\/les-chenes-blancs.pausado.com\\\/wp-content\\\/uploads\\\/sites\\\/4\\\/2025\\\/11\\\/CB-MEA-camping_converted-1.avif\",\"datePublished\":\"2025-09-08T14:48:39+00:00\",\"dateModified\":\"2026-03-04T08:22:09+00:00\",\"description\":\"Discover the Early Booking 2026 offer at Camping Les Ch\u00eanes Blancs in Saint-Saturnin-l\u00e8s-Apt, in the heart of the Luberon. Up to 20% off your vacation in Provence!\",\"breadcrumb\":{\"@id\":\"http:\\\/\\\/les-chenes-blancs.pausado.com\\\/en\\\/special-offers-at-les-chenes-blancs-campsite#breadcrumb\"},\"inLanguage\":\"en-US\",\"potentialAction\":[{\"@type\":\"ReadAction\",\"target\":[\"http:\\\/\\\/les-chenes-blancs.pausado.com\\\/en\\\/special-offers-at-les-chenes-blancs-campsite\"]}]},{\"@type\":\"ImageObject\",\"inLanguage\":\"en-US\",\"@id\":\"http:\\\/\\\/les-chenes-blancs.pausado.com\\\/en\\\/special-offers-at-les-chenes-blancs-campsite#primaryimage\",\"url\":\"https:\\\/\\\/les-chenes-blancs.pausado.com\\\/wp-content\\\/uploads\\\/sites\\\/4\\\/2025\\\/11\\\/CB-MEA-camping_converted-1.avif\",\"contentUrl\":\"https:\\\/\\\/les-chenes-blancs.pausado.com\\\/wp-content\\\/uploads\\\/sites\\\/4\\\/2025\\\/11\\\/CB-MEA-camping_converted-1.avif\",\"width\":1200,\"height\":296,\"caption\":\"BAN EB CB\"},{\"@type\":\"BreadcrumbList\",\"@id\":\"http:\\\/\\\/les-chenes-blancs.pausado.com\\\/en\\\/special-offers-at-les-chenes-blancs-campsite#breadcrumb\",\"itemListElement\":[{\"@type\":\"ListItem\",\"position\":1,\"name\":\"Accueil\",\"item\":\"https:\\\/\\\/les-chenes-blancs.pausado.com\\\/en\"},{\"@type\":\"ListItem\",\"position\":2,\"name\":\"Special offers at Les Ch\u00eanes Blancs campsite\"}]},{\"@type\":\"WebSite\",\"@id\":\"https:\\\/\\\/les-chenes-blancs.pausado.com\\\/en\\\/#website\",\"url\":\"https:\\\/\\\/les-chenes-blancs.pausado.com\\\/en\\\/\",\"name\":\"Les Ch\u00eanes Blancs\",\"description\":\"\",\"publisher\":{\"@id\":\"https:\\\/\\\/les-chenes-blancs.pausado.com\\\/en\\\/#organization\"},\"potentialAction\":[{\"@type\":\"SearchAction\",\"target\":{\"@type\":\"EntryPoint\",\"urlTemplate\":\"https:\\\/\\\/les-chenes-blancs.pausado.com\\\/en\\\/?s={search_term_string}\"},\"query-input\":{\"@type\":\"PropertyValueSpecification\",\"valueRequired\":true,\"valueName\":\"search_term_string\"}}],\"inLanguage\":\"en-US\"},{\"@type\":\"Organization\",\"@id\":\"https:\\\/\\\/les-chenes-blancs.pausado.com\\\/en\\\/#organization\",\"name\":\"Les Ch\u00eanes Blancs\",\"url\":\"https:\\\/\\\/les-chenes-blancs.pausado.com\\\/en\\\/\",\"logo\":{\"@type\":\"ImageObject\",\"inLanguage\":\"en-US\",\"@id\":\"https:\\\/\\\/les-chenes-blancs.pausado.com\\\/en\\\/#\\\/schema\\\/logo\\\/image\\\/\",\"url\":\"\",\"contentUrl\":\"\",\"caption\":\"Les Ch\u00eanes Blancs\"},\"image\":{\"@id\":\"https:\\\/\\\/les-chenes-blancs.pausado.com\\\/en\\\/#\\\/schema\\\/logo\\\/image\\\/\"},\"sameAs\":[\"https:\\\/\\\/www.facebook.com\\\/chenesblancs\\\/\",\"https:\\\/\\\/www.instagram.com\\\/camping.chenesblancs\\\/\"]}]}<\/script>\n<!-- \/ Yoast SEO plugin. -->","yoast_head_json":{"title":"Early bird offer Camping Les Ch\u00eanes Blancs Luberon 2026","description":"Discover the Early Booking 2026 offer at Camping Les Ch\u00eanes Blancs in Saint-Saturnin-l\u00e8s-Apt, in the heart of the Luberon. Up to 20% off your vacation in Provence!","robots":{"index":"index","follow":"follow","max-snippet":"max-snippet:-1","max-image-preview":"max-image-preview:large","max-video-preview":"max-video-preview:-1"},"canonical":"http:\/\/les-chenes-blancs.pausado.com\/en\/special-offers-at-les-chenes-blancs-campsite","og_locale":"en_US","og_type":"article","og_title":"Early bird offer Camping Les Ch\u00eanes Blancs Luberon 2026","og_description":"Discover the Early Booking 2026 offer at Camping Les Ch\u00eanes Blancs in Saint-Saturnin-l\u00e8s-Apt, in the heart of the Luberon. Up to 20% off your vacation in Provence!","og_url":"http:\/\/les-chenes-blancs.pausado.com\/en\/special-offers-at-les-chenes-blancs-campsite","og_site_name":"Les Ch\u00eanes Blancs","article_publisher":"https:\/\/www.facebook.com\/chenesblancs\/","article_modified_time":"2026-03-04T08:22:09+00:00","og_image":[{"width":1004,"height":392,"url":"https:\/\/les-chenes-blancs.pausado.com\/wp-content\/uploads\/sites\/4\/2024\/01\/chenes-blancs-camping-logo-23.png","type":"image\/png"}],"twitter_card":"summary_large_image","schema":{"@context":"https:\/\/schema.org","@graph":[{"@type":"WebPage","@id":"http:\/\/les-chenes-blancs.pausado.com\/en\/special-offers-at-les-chenes-blancs-campsite","url":"http:\/\/les-chenes-blancs.pausado.com\/en\/special-offers-at-les-chenes-blancs-campsite","name":"Early bird offer Camping Les Ch\u00eanes Blancs Luberon 2026","isPartOf":{"@id":"https:\/\/les-chenes-blancs.pausado.com\/en\/#website"},"primaryImageOfPage":{"@id":"http:\/\/les-chenes-blancs.pausado.com\/en\/special-offers-at-les-chenes-blancs-campsite#primaryimage"},"image":{"@id":"http:\/\/les-chenes-blancs.pausado.com\/en\/special-offers-at-les-chenes-blancs-campsite#primaryimage"},"thumbnailUrl":"https:\/\/les-chenes-blancs.pausado.com\/wp-content\/uploads\/sites\/4\/2025\/11\/CB-MEA-camping_converted-1.avif","datePublished":"2025-09-08T14:48:39+00:00","dateModified":"2026-03-04T08:22:09+00:00","description":"Discover the Early Booking 2026 offer at Camping Les Ch\u00eanes Blancs in Saint-Saturnin-l\u00e8s-Apt, in the heart of the Luberon. Up to 20% off your vacation in Provence!","breadcrumb":{"@id":"http:\/\/les-chenes-blancs.pausado.com\/en\/special-offers-at-les-chenes-blancs-campsite#breadcrumb"},"inLanguage":"en-US","potentialAction":[{"@type":"ReadAction","target":["http:\/\/les-chenes-blancs.pausado.com\/en\/special-offers-at-les-chenes-blancs-campsite"]}]},{"@type":"ImageObject","inLanguage":"en-US","@id":"http:\/\/les-chenes-blancs.pausado.com\/en\/special-offers-at-les-chenes-blancs-campsite#primaryimage","url":"https:\/\/les-chenes-blancs.pausado.com\/wp-content\/uploads\/sites\/4\/2025\/11\/CB-MEA-camping_converted-1.avif","contentUrl":"https:\/\/les-chenes-blancs.pausado.com\/wp-content\/uploads\/sites\/4\/2025\/11\/CB-MEA-camping_converted-1.avif","width":1200,"height":296,"caption":"BAN EB CB"},{"@type":"BreadcrumbList","@id":"http:\/\/les-chenes-blancs.pausado.com\/en\/special-offers-at-les-chenes-blancs-campsite#breadcrumb","itemListElement":[{"@type":"ListItem","position":1,"name":"Accueil","item":"https:\/\/les-chenes-blancs.pausado.com\/en"},{"@type":"ListItem","position":2,"name":"Special offers at Les Ch\u00eanes Blancs campsite"}]},{"@type":"WebSite","@id":"https:\/\/les-chenes-blancs.pausado.com\/en\/#website","url":"https:\/\/les-chenes-blancs.pausado.com\/en\/","name":"Les Ch\u00eanes Blancs","description":"","publisher":{"@id":"https:\/\/les-chenes-blancs.pausado.com\/en\/#organization"},"potentialAction":[{"@type":"SearchAction","target":{"@type":"EntryPoint","urlTemplate":"https:\/\/les-chenes-blancs.pausado.com\/en\/?s={search_term_string}"},"query-input":{"@type":"PropertyValueSpecification","valueRequired":true,"valueName":"search_term_string"}}],"inLanguage":"en-US"},{"@type":"Organization","@id":"https:\/\/les-chenes-blancs.pausado.com\/en\/#organization","name":"Les Ch\u00eanes Blancs","url":"https:\/\/les-chenes-blancs.pausado.com\/en\/","logo":{"@type":"ImageObject","inLanguage":"en-US","@id":"https:\/\/les-chenes-blancs.pausado.com\/en\/#\/schema\/logo\/image\/","url":"","contentUrl":"","caption":"Les Ch\u00eanes Blancs"},"image":{"@id":"https:\/\/les-chenes-blancs.pausado.com\/en\/#\/schema\/logo\/image\/"},"sameAs":["https:\/\/www.facebook.com\/chenesblancs\/","https:\/\/www.instagram.com\/camping.chenesblancs\/"]}]}},"_links":{"self":[{"href":"https:\/\/les-chenes-blancs.pausado.com\/en\/wp-json\/wp\/v2\/pages\/4799","targetHints":{"allow":["GET"]}}],"collection":[{"href":"https:\/\/les-chenes-blancs.pausado.com\/en\/wp-json\/wp\/v2\/pages"}],"about":[{"href":"https:\/\/les-chenes-blancs.pausado.com\/en\/wp-json\/wp\/v2\/types\/page"}],"author":[{"embeddable":true,"href":"https:\/\/les-chenes-blancs.pausado.com\/en\/wp-json\/wp\/v2\/users\/4"}],"replies":[{"embeddable":true,"href":"https:\/\/les-chenes-blancs.pausado.com\/en\/wp-json\/wp\/v2\/comments?post=4799"}],"version-history":[{"count":12,"href":"https:\/\/les-chenes-blancs.pausado.com\/en\/wp-json\/wp\/v2\/pages\/4799\/revisions"}],"predecessor-version":[{"id":6019,"href":"https:\/\/les-chenes-blancs.pausado.com\/en\/wp-json\/wp\/v2\/pages\/4799\/revisions\/6019"}],"wp:featuredmedia":[{"embeddable":true,"href":"https:\/\/les-chenes-blancs.pausado.com\/en\/wp-json\/wp\/v2\/media\/4817"}],"wp:attachment":[{"href":"https:\/\/les-chenes-blancs.pausado.com\/en\/wp-json\/wp\/v2\/media?parent=4799"}],"curies":[{"name":"wp","href":"https:\/\/api.w.org\/{rel}","templated":true}]}}